{"id":1328,"date":"2022-09-24T13:20:59","date_gmt":"2022-09-24T11:20:59","guid":{"rendered":"https:\/\/www.visudia.com\/?page_id=1328"},"modified":"2022-09-24T13:20:59","modified_gmt":"2022-09-24T11:20:59","slug":"products","status":"publish","type":"page","link":"https:\/\/www.visudia.com\/en\/products\/","title":{"rendered":"Products"},"content":{"rendered":"<div class=\"wpb-content-wrapper\"><p>[vc_row full_width=&#8221;stretch_row&#8221; el_class=&#8221;vis-subheader_lp&#8221; css=&#8221;.vc_custom_1644639573304{background-color: #f8f8f8 !important;}&#8221;][vc_column][vc_empty_space][vc_row_inner][vc_column_inner width=&#8221;1\/2&#8243;][\/vc_column_inner][vc_column_inner width=&#8221;1\/2&#8243;][\/vc_column_inner][\/vc_row_inner][vc_empty_space][\/vc_column][\/vc_row][vc_row][vc_column][vc_empty_space height=&#8221;120px&#8221; el_class=&#8221;first&#8221;][vc_row_inner el_class=&#8221;swap-on-mobile&#8221;][vc_column_inner width=&#8221;1\/2&#8243;][vc_column_text el_class=&#8221;text-left&#8221;]<\/p>\n<h3 class=\"headline-sub\">\/\/ SOFTWARE MADE BY VISUDIA<\/h3>\n<h2 class=\"headline-2\">Software developed by Visudia<\/h2>\n<p><span data-contrast=\"auto\">We are passionate about turning our own visions into reality. In doing so, we create visions and ideas with our broad-based team, strengthen our team spirit and use this as an opportunity to familiarize ourselves with new technologies. <\/span><span data-ccp-props=\"{&quot;201341983&quot;:0,&quot;335559739&quot;:160,&quot;335559740&quot;:259}\">\u00a0<\/span><\/p>\n<p><span data-contrast=\"auto\">Here, we also have the highest standards for implementation, functionality and usability.<\/span><span data-ccp-props=\"{&quot;201341983&quot;:0,&quot;335559739&quot;:160,&quot;335559740&quot;:259}\">\u00a0<\/span>[\/vc_column_text][vc_raw_html]JTNDYSUyMGNsYXNzJTNEJTIyYnRuJTIwYnRuLWdyZWVuJTIyJTIwaHJlZiUzRCUyMiUyRmVuJTJGYWJvdXQtdXMlMkYlMjIlM0UlM0NpJTIwY2xhc3MlM0QlMjJmYS1zb2xpZCUyMGZhLWFycm93LXJpZ2h0LWxvbmclMjIlM0UlM0MlMkZJJTNFTGVhcm4lMjBtb3JlJTIwYWJvdXQlMjB1cyUzQyUyRmElM0U=[\/vc_raw_html][\/vc_column_inner][vc_column_inner width=&#8221;1\/2&#8243;][vc_single_image image=&#8221;1170&#8243; img_size=&#8221;full&#8221; css_animation=&#8221;fadeIn&#8221; el_class=&#8221;img_effect img_effect-1&#8243;][\/vc_column_inner][\/vc_row_inner][vc_empty_space height=&#8221;120px&#8221;][\/vc_column][\/vc_row][vc_row full_width=&#8221;stretch_row&#8221; css=&#8221;.vc_custom_1647901473286{background-color: #f8f8f8 !important;}&#8221;][vc_column][vc_empty_space height=&#8221;80px&#8221;][vc_row_inner][vc_column_inner][vc_column_text]<\/p>\n<h3 class=\"headline-sub\">\/\/ FROM OUR PEN<\/h3>\n<h3 class=\"headline-2\">Visudia Software Projects<\/h3>\n<p>Here you can find information about the software projects we have developed.[\/vc_column_text][\/vc_column_inner][\/vc_row_inner][vc_empty_space height=&#8221;40px&#8221;][\/vc_column][\/vc_row][vc_row full_width=&#8221;stretch_row&#8221; css=&#8221;.vc_custom_1662595456249{background-color: #f8f8f8 !important;}&#8221; el_id=&#8221;craftycard&#8221;][vc_column][vc_row_inner][vc_column_inner el_class=&#8221;vis-tech_wrapper&#8221; width=&#8221;1\/2&#8243;][vc_single_image image=&#8221;1161&#8243; img_size=&#8221;full&#8221; css_animation=&#8221;fadeIn&#8221; el_class=&#8221;img_effect img_effect-1 vis-tech_image&#8221;][vc_single_image image=&#8221;1042&#8243; img_size=&#8221;full&#8221; el_class=&#8221;vis-tech_logo&#8221;][\/vc_column_inner][vc_column_inner el_class=&#8221;vis-ablauf_col-content&#8221; width=&#8221;1\/2&#8243;][vc_column_text]<\/p>\n<h3 class=\"headline-sub\">\/\/ THE DIGITAL MENU<\/h3>\n<h2 class=\"headline-2\">craftycard<\/h2>\n<p><strong>With craftycard we offer the catering industry a tool to organize and digitize itself in a cost-efficient and easy way. <\/strong><\/p>\n<p>Digital payment options are becoming more and more important. With our software we want to improve the service &#038; payment options to be able to offer the best possible gastronomic experience to the guests of a gastronomic business.[\/vc_column_text][vc_raw_html]JTNDYSUyMGNsYXNzJTNEJTIyYnRuJTIwYnRuLWdyZWVuJTIyJTIwdGFyZ2V0JTNEJTIyX0JMQU5LJTIyJTIwaHJlZiUzRCUyMmh0dHBzJTNBJTJGJTJGd3d3LmNyYWZ0eWNhcmQubmV0JTIyJTNFJTNDaSUyMGNsYXNzJTNEJTIyZmEtc29saWQlMjBmYS1hcnJvdy1yaWdodC1sb25nJTIyJTNFJTNDJTJGSSUzRWdvJTIwdG8lMjBjcmFmdHljYXJkJTNDJTJGYSUzRQ==[\/vc_raw_html][\/vc_column_inner][\/vc_row_inner][vc_empty_space height=&#8221;60px&#8221;][\/vc_column][\/vc_row][vc_row full_width=&#8221;stretch_row&#8221; disable_element=&#8221;yes&#8221; css=&#8221;.vc_custom_1662595466257{background-color: #f8f8f8 !important;}&#8221; el_id=&#8221;javascript&#8221;][vc_column][vc_empty_space height=&#8221;60px&#8221;][vc_row_inner el_class=&#8221;swap-on-mobile&#8221;][vc_column_inner width=&#8221;1\/2&#8243;][vc_column_text el_class=&#8221;text-left&#8221;]<\/p>\n<h3 class=\"headline-sub\">\/\/ Scriptsprache<\/h3>\n<h2 class=\"headline-2\">JavaScript<\/h2>\n<p>JavaScript ist f\u00fcr die Entwicklung von innovativen Webapplikationen ein stetiger Begleiter und sorgt f\u00fcr eine interaktive, dynamische Funktionalit\u00e4t, dabei f\u00f6rdert JavaScript die Benutzererfahrung von Webseiten oder webbasierter Software.[\/vc_column_text][vc_raw_html el_class=&#8221;text-left&#8221;]JTNDcCUyMGNsYXNzJTNEJTIydmlzLXRlY2hfdHJpdmlhbCUyMiUzRUphdmFTY3JpcHQlMjBoYXQlMjBtaXQlMjBkZXIlMjBQcm9ncmFtbWllcnNwcmFjaGUlMjAlRTIlODAlOUVKYXZhJUUyJTgwJTlDJTIwbmljaHRzJTIwenUlMjB0dW4lMkMlMjBzb25kZXJuJTIwd3VyZGUlMjBudXIlMjB3ZWdlbiUyMGRlc3NlbiUyMEJlbGllYnRoZWl0JTIwc28lMjBnZW5hbm50LiUzQyUyRnAlM0U=[\/vc_raw_html][vc_raw_html el_class=&#8221;text-left&#8221;]JTNDaDMlMjBjbGFzcyUzRCUyMmhlYWRsaW5lLXN1YiUyMiUzRSUyRiUyRiUyMERhcyUyMHplaWNobmV0JTIwSmF2YVNjcmlwdCUyMGF1cyUzQyUyRmgzJTNFJTBBJTNDdWwlMjBjbGFzcyUzRCUyMnZpcy1saXN0JTIyJTNFJTBBJTNDbGklM0VTdGFya2UlMjBTY3JpcHRzcHJhY2hlJTNDJTJGbGklM0UlMEElM0NsaSUzRVBsYXR0Zm9ybXVuYWJoJUMzJUE0bmdpZyUzQyUyRmxpJTNFJTBBJTNDbGklM0VCcm93c2VydW5hYmglQzMlQTRuZ2lnJTNDJTJGbGklM0UlMEElM0NsaSUzRUwlQzMlQTR1ZnQlMjBhdWNoJTIwU2VydmVyc2VpdGlnJTIwbWl0JTIwTm9kZS5qcyUyMCUzQyUyRmxpJTNFJTBBJTNDbGklM0VGbGV4aWJlbCUzQyUyRmxpJTNFJTBBJTNDbGklM0VQZXJmb3JtYW50JTNDJTJGbGklM0UlMEElM0MlMkZ1bCUzRQ==[\/vc_raw_html][\/vc_column_inner][vc_column_inner el_class=&#8221;vis-tech_wrapper&#8221; width=&#8221;1\/2&#8243;][vc_single_image image=&#8221;824&#8243; img_size=&#8221;full&#8221; css_animation=&#8221;fadeIn&#8221; el_class=&#8221;img_effect img_effect-1 vis-tech_image&#8221;][vc_single_image image=&#8221;31&#8243; img_size=&#8221;full&#8221; el_class=&#8221;vis-tech_logo&#8221;][\/vc_column_inner][\/vc_row_inner][vc_empty_space height=&#8221;60px&#8221;][\/vc_column][\/vc_row][vc_row full_width=&#8221;stretch_row&#8221; css=&#8221;.vc_custom_1653087492374{background-color: #f8f8f8 !important;}&#8221;][vc_column][vc_empty_space height=&#8221;60px&#8221; el_class=&#8221;last&#8221;][\/vc_column][\/vc_row][vc_row full_width=&#8221;stretch_row&#8221; css=&#8221;.vc_custom_1663339575373{background: #2e1e5c url(https:\/\/www.visudia.com\/wp-content\/uploads\/2021\/12\/tyre_cta_02.jpg?id=47) !important;background-position: center !important;background-repeat: no-repeat !important;background-size: cover !important;}&#8221; el_class=&#8221;vis-testi_container&#8221;][vc_column][vc_empty_space height=&#8221;120px&#8221;][vc_row_inner][vc_column_inner][vc_column_text]<\/p>\n<h3 class=\"headline-sub\">\/\/ Our Services<\/h3>\n<h3 class=\"headline-2 white\">Our main services at a glance<\/h3>\n<p>[\/vc_column_text][\/vc_column_inner][\/vc_row_inner][vc_row_inner][vc_column_inner][vc_raw_html el_class=&#8221;vis_services&#8221;]JTVCc2VydmljZWJveGVzJTVE[\/vc_raw_html][\/vc_column_inner][\/vc_row_inner][vc_empty_space height=&#8221;120px&#8221;][\/vc_column][\/vc_row][vc_row full_width=&#8221;stretch_row&#8221; css=&#8221;.vc_custom_1641319462485{background-color: #8cc63f !important;}&#8221; el_class=&#8221;vis-ctas_container&#8221;][vc_column][vc_row_inner][vc_column_inner el_class=&#8221;vis-ctas_content&#8221; width=&#8221;1\/2&#8243;][vc_column_text]<\/p>\n<h4 class=\"headline-2 white\">Let us advice you.<\/h4>\n<p><span class=\"white\">We would be happy to discuss your project with you and get a more detailed picture. Simply contact us comfortably and without obligation via phone or form.<\/span>[\/vc_column_text][\/vc_column_inner][vc_column_inner el_class=&#8221;vis-ctas_buttons&#8221; width=&#8221;1\/2&#8243;][vc_raw_html]JTNDYSUyMGNsYXNzJTNEJTIyYnRuJTIwYnRuLXZpbyUyMiUyMGhyZWYlM0QlMjIlNUJwaG9uZV9saW5rJTVEJTIyJTNFJTNDaSUyMGNsYXNzJTNEJTIyZmEtc29saWQlMjBmYS1waG9uZS12b2x1bWUlMjIlM0UlM0MlMkZpJTNFJTNDc3BhbiUzRSU1QnBob25lX2Zvcm0lNUQlM0MlMkZzcGFuJTNFJTNDJTJGYSUzRSUwQSUzQ2ElMjBjbGFzcyUzRCUyMmJ0biUyMGJ0bi12aW8lMjIlMjBocmVmJTNEJTIyJTIzY29udGFjdCUyMiUzRSUzQ2klMjBjbGFzcyUzRCUyMmZhLXNvbGlkJTIwZmEtcGFwZXItcGxhbmUlMjIlM0UlM0MlMkZpJTNFJTNDc3BhbiUzRUNvbnRhY3Rmb3JtJTNDJTJGc3BhbiUzRSUzQyUyRmElM0U=[\/vc_raw_html][\/vc_column_inner][\/vc_row_inner][\/vc_column][\/vc_row]<\/p>\n<\/div>","protected":false},"excerpt":{"rendered":"<p>[vc_row full_width=&#8221;stretch_row&#8221; el_class=&#8221;vis-subheader_lp&#8221; css=&#8221;.vc_custom_1644639573304{background-color: #f8f8f8 !important;}&#8221;][vc_column][vc_empty_space][vc_row_inner][vc_column_inner width=&#8221;1\/2&#8243;][\/vc_column_inner][vc_column_inner width=&#8221;1\/2&#8243;][\/vc_column_inner][\/vc_row_inner][vc_empty_space][\/vc_column][\/vc_row][vc_row][vc_column][vc_empty_space height=&#8221;120px&#8221; el_class=&#8221;first&#8221;][vc_row_inner el_class=&#8221;swap-on-mobile&#8221;][vc_column_inner width=&#8221;1\/2&#8243;][vc_column_text el_class=&#8221;text-left&#8221;] \/\/ SOFTWARE MADE BY VISUDIA Software developed by Visudia We are passionate about turning our own visions into reality. In doing so, we create visions and ideas with our broad-based team, strengthen our team spirit and use this as an opportunity to [&hellip;]<\/p>\n","protected":false},"author":2,"featured_media":931,"parent":0,"menu_order":0,"comment_status":"closed","ping_status":"closed","template":"","meta":{"_acf_changed":false,"inline_featured_image":false,"footnotes":""},"class_list":["post-1328","page","type-page","status-publish","has-post-thumbnail","hentry"],"acf":[],"yoast_head":"<!-- This site is optimized with the Yoast SEO plugin v26.9 - https:\/\/yoast.com\/product\/yoast-seo-wordpress\/ -->\n<title>Visudia \u25b7 Your agency for many products<\/title>\n<meta name=\"description\" content=\"\u2713 Software Solutions \u00bb We are specialists in this field and accompany your projects to a successful result.\" \/>\n<meta name=\"robots\" content=\"index, follow, max-snippet:-1, max-image-preview:large, max-video-preview:-1\" \/>\n<link rel=\"canonical\" href=\"https:\/\/www.visudia.com\/en\/products\/\" \/>\n<meta property=\"og:locale\" content=\"en_US\" \/>\n<meta property=\"og:type\" content=\"article\" \/>\n<meta property=\"og:title\" content=\"Visudia \u25b7 Your agency for many products\" \/>\n<meta property=\"og:description\" content=\"\u2713 Software Solutions \u00bb We are specialists in this field and accompany your projects to a successful result.\" \/>\n<meta property=\"og:url\" content=\"https:\/\/www.visudia.com\/en\/products\/\" \/>\n<meta property=\"og:site_name\" content=\"Visudia\" \/>\n<meta property=\"article:publisher\" content=\"https:\/\/de-de.facebook.com\/people\/Visudia\/100064194307368\/\" \/>\n<meta property=\"og:image\" content=\"https:\/\/www.visudia.com\/wp-content\/uploads\/2022\/08\/visudia-softwareentwicklung.jpg\" \/>\n\t<meta property=\"og:image:width\" content=\"1000\" \/>\n\t<meta property=\"og:image:height\" content=\"667\" \/>\n\t<meta property=\"og:image:type\" content=\"image\/jpeg\" \/>\n<meta name=\"twitter:card\" content=\"summary_large_image\" \/>\n<script type=\"application\/ld+json\" class=\"yoast-schema-graph\">{\"@context\":\"https:\/\/schema.org\",\"@graph\":[{\"@type\":\"WebPage\",\"@id\":\"https:\/\/www.visudia.com\/en\/products\/\",\"url\":\"https:\/\/www.visudia.com\/en\/products\/\",\"name\":\"Visudia \u25b7 Your agency for many products\",\"isPartOf\":{\"@id\":\"https:\/\/www.visudia.com\/en\/#website\"},\"primaryImageOfPage\":{\"@id\":\"https:\/\/www.visudia.com\/en\/products\/#primaryimage\"},\"image\":{\"@id\":\"https:\/\/www.visudia.com\/en\/products\/#primaryimage\"},\"thumbnailUrl\":\"https:\/\/www.visudia.com\/wp-content\/uploads\/2022\/08\/visudia-softwareentwicklung.jpg\",\"datePublished\":\"2022-09-24T11:20:59+00:00\",\"description\":\"\u2713 Software Solutions \u00bb We are specialists in this field and accompany your projects to a successful result.\",\"breadcrumb\":{\"@id\":\"https:\/\/www.visudia.com\/en\/products\/#breadcrumb\"},\"inLanguage\":\"en-US\",\"potentialAction\":[{\"@type\":\"ReadAction\",\"target\":[\"https:\/\/www.visudia.com\/en\/products\/\"]}]},{\"@type\":\"ImageObject\",\"inLanguage\":\"en-US\",\"@id\":\"https:\/\/www.visudia.com\/en\/products\/#primaryimage\",\"url\":\"https:\/\/www.visudia.com\/wp-content\/uploads\/2022\/08\/visudia-softwareentwicklung.jpg\",\"contentUrl\":\"https:\/\/www.visudia.com\/wp-content\/uploads\/2022\/08\/visudia-softwareentwicklung.jpg\",\"width\":1000,\"height\":667,\"caption\":\"Visudia Software\"},{\"@type\":\"BreadcrumbList\",\"@id\":\"https:\/\/www.visudia.com\/en\/products\/#breadcrumb\",\"itemListElement\":[{\"@type\":\"ListItem\",\"position\":1,\"name\":\"Startseite\",\"item\":\"https:\/\/www.visudia.com\/en\/\"},{\"@type\":\"ListItem\",\"position\":2,\"name\":\"Products\"}]},{\"@type\":\"WebSite\",\"@id\":\"https:\/\/www.visudia.com\/en\/#website\",\"url\":\"https:\/\/www.visudia.com\/en\/\",\"name\":\"Visudia.com\",\"description\":\"Ihre Visionen programmiert!\",\"publisher\":{\"@id\":\"https:\/\/www.visudia.com\/en\/#organization\"},\"potentialAction\":[{\"@type\":\"SearchAction\",\"target\":{\"@type\":\"EntryPoint\",\"urlTemplate\":\"https:\/\/www.visudia.com\/en\/?s={search_term_string}\"},\"query-input\":{\"@type\":\"PropertyValueSpecification\",\"valueRequired\":true,\"valueName\":\"search_term_string\"}}],\"inLanguage\":\"en-US\"},{\"@type\":\"Organization\",\"@id\":\"https:\/\/www.visudia.com\/en\/#organization\",\"name\":\"Visudia\",\"url\":\"https:\/\/www.visudia.com\/en\/\",\"logo\":{\"@type\":\"ImageObject\",\"inLanguage\":\"en-US\",\"@id\":\"https:\/\/www.visudia.com\/en\/#\/schema\/logo\/image\/\",\"url\":\"https:\/\/www.visudia.com\/wp-content\/uploads\/2022\/09\/visudia-20-logo_single.jpg\",\"contentUrl\":\"https:\/\/www.visudia.com\/wp-content\/uploads\/2022\/09\/visudia-20-logo_single.jpg\",\"width\":800,\"height\":800,\"caption\":\"Visudia\"},\"image\":{\"@id\":\"https:\/\/www.visudia.com\/en\/#\/schema\/logo\/image\/\"},\"sameAs\":[\"https:\/\/de-de.facebook.com\/people\/Visudia\/100064194307368\/\",\"https:\/\/de.linkedin.com\/company\/visudia-gbr\",\"https:\/\/www.instagram.com\/visudia\/\",\"https:\/\/www.xing.com\/pages\/visudia-gbr\"]}]}<\/script>\n<!-- \/ Yoast SEO plugin. -->","yoast_head_json":{"title":"Visudia \u25b7 Your agency for many products","description":"\u2713 Software Solutions \u00bb We are specialists in this field and accompany your projects to a successful result.","robots":{"index":"index","follow":"follow","max-snippet":"max-snippet:-1","max-image-preview":"max-image-preview:large","max-video-preview":"max-video-preview:-1"},"canonical":"https:\/\/www.visudia.com\/en\/products\/","og_locale":"en_US","og_type":"article","og_title":"Visudia \u25b7 Your agency for many products","og_description":"\u2713 Software Solutions \u00bb We are specialists in this field and accompany your projects to a successful result.","og_url":"https:\/\/www.visudia.com\/en\/products\/","og_site_name":"Visudia","article_publisher":"https:\/\/de-de.facebook.com\/people\/Visudia\/100064194307368\/","og_image":[{"width":1000,"height":667,"url":"https:\/\/www.visudia.com\/wp-content\/uploads\/2022\/08\/visudia-softwareentwicklung.jpg","type":"image\/jpeg"}],"twitter_card":"summary_large_image","schema":{"@context":"https:\/\/schema.org","@graph":[{"@type":"WebPage","@id":"https:\/\/www.visudia.com\/en\/products\/","url":"https:\/\/www.visudia.com\/en\/products\/","name":"Visudia \u25b7 Your agency for many products","isPartOf":{"@id":"https:\/\/www.visudia.com\/en\/#website"},"primaryImageOfPage":{"@id":"https:\/\/www.visudia.com\/en\/products\/#primaryimage"},"image":{"@id":"https:\/\/www.visudia.com\/en\/products\/#primaryimage"},"thumbnailUrl":"https:\/\/www.visudia.com\/wp-content\/uploads\/2022\/08\/visudia-softwareentwicklung.jpg","datePublished":"2022-09-24T11:20:59+00:00","description":"\u2713 Software Solutions \u00bb We are specialists in this field and accompany your projects to a successful result.","breadcrumb":{"@id":"https:\/\/www.visudia.com\/en\/products\/#breadcrumb"},"inLanguage":"en-US","potentialAction":[{"@type":"ReadAction","target":["https:\/\/www.visudia.com\/en\/products\/"]}]},{"@type":"ImageObject","inLanguage":"en-US","@id":"https:\/\/www.visudia.com\/en\/products\/#primaryimage","url":"https:\/\/www.visudia.com\/wp-content\/uploads\/2022\/08\/visudia-softwareentwicklung.jpg","contentUrl":"https:\/\/www.visudia.com\/wp-content\/uploads\/2022\/08\/visudia-softwareentwicklung.jpg","width":1000,"height":667,"caption":"Visudia Software"},{"@type":"BreadcrumbList","@id":"https:\/\/www.visudia.com\/en\/products\/#breadcrumb","itemListElement":[{"@type":"ListItem","position":1,"name":"Startseite","item":"https:\/\/www.visudia.com\/en\/"},{"@type":"ListItem","position":2,"name":"Products"}]},{"@type":"WebSite","@id":"https:\/\/www.visudia.com\/en\/#website","url":"https:\/\/www.visudia.com\/en\/","name":"Visudia.com","description":"Ihre Visionen programmiert!","publisher":{"@id":"https:\/\/www.visudia.com\/en\/#organization"},"potentialAction":[{"@type":"SearchAction","target":{"@type":"EntryPoint","urlTemplate":"https:\/\/www.visudia.com\/en\/?s={search_term_string}"},"query-input":{"@type":"PropertyValueSpecification","valueRequired":true,"valueName":"search_term_string"}}],"inLanguage":"en-US"},{"@type":"Organization","@id":"https:\/\/www.visudia.com\/en\/#organization","name":"Visudia","url":"https:\/\/www.visudia.com\/en\/","logo":{"@type":"ImageObject","inLanguage":"en-US","@id":"https:\/\/www.visudia.com\/en\/#\/schema\/logo\/image\/","url":"https:\/\/www.visudia.com\/wp-content\/uploads\/2022\/09\/visudia-20-logo_single.jpg","contentUrl":"https:\/\/www.visudia.com\/wp-content\/uploads\/2022\/09\/visudia-20-logo_single.jpg","width":800,"height":800,"caption":"Visudia"},"image":{"@id":"https:\/\/www.visudia.com\/en\/#\/schema\/logo\/image\/"},"sameAs":["https:\/\/de-de.facebook.com\/people\/Visudia\/100064194307368\/","https:\/\/de.linkedin.com\/company\/visudia-gbr","https:\/\/www.instagram.com\/visudia\/","https:\/\/www.xing.com\/pages\/visudia-gbr"]}]}},"_links":{"self":[{"href":"https:\/\/www.visudia.com\/en\/wp-json\/wp\/v2\/pages\/1328","targetHints":{"allow":["GET"]}}],"collection":[{"href":"https:\/\/www.visudia.com\/en\/wp-json\/wp\/v2\/pages"}],"about":[{"href":"https:\/\/www.visudia.com\/en\/wp-json\/wp\/v2\/types\/page"}],"author":[{"embeddable":true,"href":"https:\/\/www.visudia.com\/en\/wp-json\/wp\/v2\/users\/2"}],"replies":[{"embeddable":true,"href":"https:\/\/www.visudia.com\/en\/wp-json\/wp\/v2\/comments?post=1328"}],"version-history":[{"count":1,"href":"https:\/\/www.visudia.com\/en\/wp-json\/wp\/v2\/pages\/1328\/revisions"}],"predecessor-version":[{"id":1329,"href":"https:\/\/www.visudia.com\/en\/wp-json\/wp\/v2\/pages\/1328\/revisions\/1329"}],"wp:featuredmedia":[{"embeddable":true,"href":"https:\/\/www.visudia.com\/en\/wp-json\/wp\/v2\/media\/931"}],"wp:attachment":[{"href":"https:\/\/www.visudia.com\/en\/wp-json\/wp\/v2\/media?parent=1328"}],"curies":[{"name":"wp","href":"https:\/\/api.w.org\/{rel}","templated":true}]}}