{"id":1247,"date":"2022-09-24T13:05:54","date_gmt":"2022-09-24T11:05:54","guid":{"rendered":"https:\/\/www.visudia.com\/?page_id=1247"},"modified":"2022-09-24T14:01:42","modified_gmt":"2022-09-24T12:01:42","slug":"impressum","status":"publish","type":"page","link":"https:\/\/www.visudia.com\/en\/impressum\/","title":{"rendered":"Impressum"},"content":{"rendered":"<div class=\"wpb-content-wrapper\"><p>[vc_row full_width=&#8221;stretch_row&#8221;][vc_column][vc_empty_space height=&#8221;120px&#8221; el_class=&#8221;first&#8221;][vc_row_inner el_class=&#8221;swap-on-mobile&#8221;][vc_column_inner width=&#8221;1\/2&#8243;][vc_column_text el_class=&#8221;text-left&#8221;]<\/p>\n<h3 class=\"headline-sub\">\/\/ Impressum<\/h3>\n<h2 class=\"headline-2\">Angaben gem\u00e4\u00df \u00a7 5 TMG<\/h2>\n<p>Drechsel\/Sadlik\/Tieling GbR<br \/>\nHandelnd als Visudia GbR<br \/>\nGemeinschaftsweg 18<br \/>\n44225 Dortmund<\/p>\n<p>Vertreten durch: Alexander Tieling, Mike Sadlik, Patrick Drechsel<\/p>\n<h3>Kontakt<\/h3>\n<p>Telefon: +49 (0)15678328845<br \/>\nTelefax: k.A.<br \/>\nE-Mail: info@visudia.de<\/p>\n<h3><strong>Steueridentifikation<\/strong><\/h3>\n<p>USt-IdNr.: DE337704718[\/vc_column_text][\/vc_column_inner][vc_column_inner width=&#8221;1\/2&#8243;][vc_single_image image=&#8221;928&#8243; img_size=&#8221;full&#8221; css_animation=&#8221;fadeIn&#8221; el_class=&#8221;img_effect img_effect-1&#8243;][\/vc_column_inner][\/vc_row_inner][\/vc_column][\/vc_row][vc_row full_width=&#8221;stretch_row&#8221; css=&#8221;.vc_custom_1652127549013{background-position: center !important;background-repeat: no-repeat !important;background-size: cover !important;}&#8221; el_class=&#8221;vis-testi_container&#8221; el_id=&#8221;services&#8221;][vc_column][vc_empty_space height=&#8221;60px&#8221;][vc_row_inner][vc_column_inner][vc_column_text]<\/p>\n<h3>Umsatzsteuer-ID<\/h3>\n<p>Umsatzsteuer-Identifikationsnummer gem\u00e4\u00df \u00a7 27 a Umsatzsteuergesetz: folgt Verbraucherstreitbeilegung\/Universalschlichtungsstelle<br \/>\nWir sind nicht bereit oder verpflichtet, an Streitbeilegungsverfahren vor einer Verbraucherschlichtungsstelle teilzunehmen.<\/p>\n<hr class=\"wp-block-separator has-text-color has-background has-very-light-gray-background-color has-very-light-gray-color divider\" \/>\n<h3>Haftung f\u00fcr Inhalte<\/h3>\n<p>Als Diensteanbieter sind wir gem\u00e4\u00df \u00a7 7 Abs.1 TMG f\u00fcr eigene Inhalte auf diesen Seiten nach den allgemeinen Gesetzen verantwortlich. Nach \u00a7\u00a7 8 bis 10 TMG sind wir als Diensteanbieter jedoch nicht verpflichtet, \u00fcbermittelte oder gespeicherte fremde Informationen zu \u00fcberwachen oder nach Umst\u00e4nden zu forschen, die auf eine rechtswidrige T\u00e4tigkeit hinweisen.<\/p>\n<p>Verpflichtungen zur Entfernung oder Sperrung der Nutzung von Informationen nach den allgemeinen Gesetzen bleiben hiervon unber\u00fchrt. Eine diesbez\u00fcgliche Haftung ist jedoch erst ab dem Zeitpunkt der Kenntnis einer konkreten Rechtsverletzung m\u00f6glich. Bei Bekanntwerden von entsprechenden Rechtsverletzungen werden wir diese Inhalte umgehend entfernen.<\/p>\n<hr class=\"wp-block-separator has-text-color has-background has-very-light-gray-background-color has-very-light-gray-color divider\" \/>\n<h3>Haftung f\u00fcr Links<\/h3>\n<p>Unser Angebot enth\u00e4lt Links zu externen Websites Dritter, auf deren Inhalte wir keinen Einfluss haben. Deshalb k\u00f6nnen wir f\u00fcr diese fremden Inhalte auch keine Gew\u00e4hr \u00fcbernehmen. F\u00fcr die Inhalte der verlinkten Seiten ist stets der jeweilige Anbieter oder Betreiber der Seiten verantwortlich. Die verlinkten Seiten wurden zum Zeitpunkt der Verlinkung auf m\u00f6gliche Rechtsverst\u00f6\u00dfe \u00fcberpr\u00fcft. Rechtswidrige Inhalte waren zum Zeitpunkt der Verlinkung nicht erkennbar.<\/p>\n<p>Eine permanente inhaltliche Kontrolle der verlinkten Seiten ist jedoch ohne konkrete Anhaltspunkte einer Rechtsverletzung nicht zumutbar. Bei Bekanntwerden von Rechtsverletzungen werden wir derartige Links umgehend entfernen.<\/p>\n<hr class=\"wp-block-separator has-text-color has-background has-very-light-gray-background-color has-very-light-gray-color divider\" \/>\n<h3>Urheberrecht<\/h3>\n<p>Die durch die Seitenbetreiber erstellten Inhalte und Werke auf diesen Seiten unterliegen dem deutschen Urheberrecht. Die Vervielf\u00e4ltigung, Bearbeitung, Verbreitung und jede Art der Verwertung au\u00dferhalb der Grenzen des Urheberrechtes bed\u00fcrfen der schriftlichen Zustimmung des jeweiligen Autors bzw. Erstellers. Downloads und Kopien dieser Seite sind nur f\u00fcr den privaten, nicht kommerziellen Gebrauch gestattet.<\/p>\n<p>Soweit die Inhalte auf dieser Seite nicht vom Betreiber erstellt wurden, werden die Urheberrechte Dritter beachtet. Insbesondere werden Inhalte Dritter als solche gekennzeichnet. Sollten Sie trotzdem auf eine Urheberrechtsverletzung aufmerksam werden, bitten wir um einen entsprechenden Hinweis. Bei Bekanntwerden von Rechtsverletzungen werden wir derartige Inhalte umgehend entfernen.[\/vc_column_text][\/vc_column_inner][\/vc_row_inner][\/vc_column][\/vc_row][vc_row full_width=&#8221;stretch_row&#8221; css=&#8221;.vc_custom_1652127549013{background-position: center !important;background-repeat: no-repeat !important;background-size: cover !important;}&#8221; el_class=&#8221;vis-testi_container&#8221;][vc_column][vc_empty_space height=&#8221;60px&#8221;][vc_row_inner][vc_column_inner][vc_column_text]<\/p>\n<h3 class=\"headline-sub\">\/\/ These are our service areas<\/h3>\n<h3 class=\"headline-2\">Our main services at a glance<\/h3>\n<p>[\/vc_column_text][\/vc_column_inner][\/vc_row_inner][vc_row_inner][vc_column_inner][vc_raw_html el_class=&#8221;vis_services&#8221;]JTVCc2VydmljZWJveGVzJTVE[\/vc_raw_html][\/vc_column_inner][\/vc_row_inner][\/vc_column][\/vc_row][vc_row full_width=&#8221;stretch_row&#8221;][vc_column][vc_row_inner][vc_column_inner][vc_raw_html]JTVCY3RhJTIwaWQlM0QlMjI1OTIlMjIlNUQ=[\/vc_raw_html][\/vc_column_inner][\/vc_row_inner][\/vc_column][\/vc_row][vc_row full_width=&#8221;stretch_row&#8221; parallax=&#8221;content-moving&#8221; parallax_image=&#8221;533&#8243; css=&#8221;.vc_custom_1649352877813{background: #2e1e5c url(https:\/\/www.visudia.com\/wp-content\/uploads\/2021\/12\/tyre_cta_02.jpg?id=47);background-position: center;background-repeat: no-repeat !important;background-size: cover !important;}&#8221; el_class=&#8221;vis-about_container&#8221;][vc_column el_class=&#8221;vis-about_container-inner&#8221;][vc_empty_space height=&#8221;80px&#8221;][vc_row_inner][vc_column_inner][vc_column_text]<\/p>\n<h3 class=\"headline-sub white\">\/\/ QUALITY THAT PAYS OFF<\/h3>\n<h3 class=\"headline-2 white\">You are in the best company<\/h3>\n<p>[\/vc_column_text][vc_empty_space height=&#8221;20px&#8221;][\/vc_column_inner][\/vc_row_inner][vc_row_inner equal_height=&#8221;yes&#8221; el_class=&#8221;vis-about_container-inner_content&#8221;][vc_column_inner el_class=&#8221;vis-about_left&#8221; width=&#8221;1\/2&#8243;][vc_raw_html el_class=&#8221;vis-about_testi vis-about_l vis-about_block&#8221;]JTVCdGVzdGltb25pYWxzJTIwdHlwZSUzRCUyMmZhZGUlMjIlNUQ=[\/vc_raw_html][\/vc_column_inner][vc_column_inner el_class=&#8221;vis-testi_content-wrapper vis-about_right&#8221; width=&#8221;1\/2&#8243;][vc_raw_html css=&#8221;.vc_custom_1664017385486{background-image: url(https:\/\/www.visudia.com\/wp-content\/uploads\/2022\/08\/visudia-softwareentwicklung.jpg?id=930) !important;background-position: center !important;background-repeat: no-repeat !important;background-size: cover !important;}&#8221; el_class=&#8221;vis-about_tr vis-about_block-small vis-about_block-small-dark&#8221;]JTNDaDMlMjBjbGFzcyUzRCUyMmhlYWRsaW5lLXN1YiUyMiUzRSUyRiUyRiUyMFZJU1VESUElMjBQSElMT1NPUEhZJTNDJTJGaDMlM0UlMEElM0NoMyUyMGNsYXNzJTNEJTIyaGVhZGxpbmUtMiUyMHdoaXRlJTIyJTNFV2UlMjBtYWtlJTIweW91ciUyMHNhdGlzZmFjdGlvbiUyMCUyMCUzQ2JyJTNFb3VyJTIwdGFzay4lM0MlMkZoMyUzRSUwQSUzQ3NwYW4lMjBjbGFzcyUzRCUyMndoaXRlJTIyJTNFSWYlMjB5b3UlMjBhcmUlMjBzYXRpc2ZpZWQlMjB3aXRoJTIwb3VyJTIwcGVyZm9ybWFuY2UlMkMlMjBzbyUyMGFyZSUyMHdlLiUzQyUyRnNwYW4lM0U=[\/vc_raw_html][vc_raw_html css=&#8221;.vc_custom_1664020899301{background-image: url(https:\/\/www.visudia.com\/wp-content\/uploads\/2022\/04\/visudia_cta.jpg?id=514) !important;background-position: center !important;background-repeat: no-repeat !important;background-size: cover !important;}&#8221; el_class=&#8221;vis-about_br vis-about_block-small vis-about_block-special&#8221;]JTNDaDMlMjBjbGFzcyUzRCUyMmhlYWRsaW5lLXN1YiUyMiUzRSUyRiUyRiUyMEFib3V0JTIwdXMlM0MlMkZoMyUzRSUwQSUzQ2gzJTIwY2xhc3MlM0QlMjJoZWFkbGluZS0yJTIwd2hpdGUlMjIlM0VEZXRlcm1pbmVkJTJDJTIwRXhwZXJpZW5jZWQlMjAlMjYlM0NiciUzRVNvbHV0aW9uLW9yaWVudGVkLiUzQyUyRmgzJTNFJTBBJTNDYSUyMGhyZWYlM0QlMjIlMkZlbiUyRmFib3V0LXVzJTJGJTIyJTIwY2xhc3MlM0QlMjJidG4lMjIlM0Vtb3JlJTIwYWJvdXQlMjB1cyUzQyUyRmElM0UlMEElM0NzcGFuJTIwY2xhc3MlM0QlMjJ3aGl0ZSUyMiUzRU91ciUyMGV4cGVydHMlMjB0dXJuJTIweW91ciUyMHdpc2hlcyUyMGludG8lMjByZXN1bHRzLiUzQyUyRnNwYW4lM0U=[\/vc_raw_html][\/vc_column_inner][\/vc_row_inner][vc_empty_space height=&#8221;80px&#8221;][\/vc_column][\/vc_row][vc_row full_width=&#8221;stretch_row&#8221; css=&#8221;.vc_custom_1641319462485{background-color: #8cc63f !important;}&#8221; el_class=&#8221;vis-ctas_container&#8221;][vc_column][vc_row_inner][vc_column_inner el_class=&#8221;vis-ctas_content&#8221; width=&#8221;1\/2&#8243;][vc_column_text]<\/p>\n<h4 class=\"headline-2 white\">Let us advise you.<\/h4>\n<p><span class=\"white\">We will be happy to discuss your project with you and get a more detailed picture. Simply contact us conveniently and without obligation via telephone or form.<\/span>[\/vc_column_text][\/vc_column_inner][vc_column_inner el_class=&#8221;vis-ctas_buttons&#8221; width=&#8221;1\/2&#8243;][vc_raw_html]JTNDYSUyMGNsYXNzJTNEJTIyYnRuJTIwYnRuLXZpbyUyMiUyMGhyZWYlM0QlMjIlNUJwaG9uZV9saW5rJTVEJTIyJTNFJTNDaSUyMGNsYXNzJTNEJTIyZmEtc29saWQlMjBmYS1waG9uZS12b2x1bWUlMjIlM0UlM0MlMkZpJTNFJTNDc3BhbiUzRSU1QnBob25lX2Zvcm0lNUQlM0MlMkZzcGFuJTNFJTNDJTJGYSUzRSUwQSUzQ2ElMjBjbGFzcyUzRCUyMmJ0biUyMGJ0bi12aW8lMjIlMjBocmVmJTNEJTIyJTIzY29udGFjdCUyMiUzRSUzQ2klMjBjbGFzcyUzRCUyMmZhLXNvbGlkJTIwZmEtcGFwZXItcGxhbmUlMjIlM0UlM0MlMkZpJTNFJTNDc3BhbiUzRUNvbnRhY3Rmb3JtJTNDJTJGc3BhbiUzRSUzQyUyRmElM0U=[\/vc_raw_html][\/vc_column_inner][\/vc_row_inner][\/vc_column][\/vc_row]<\/p>\n<\/div>","protected":false},"excerpt":{"rendered":"<p>[vc_row full_width=&#8221;stretch_row&#8221;][vc_column][vc_empty_space height=&#8221;120px&#8221; el_class=&#8221;first&#8221;][vc_row_inner el_class=&#8221;swap-on-mobile&#8221;][vc_column_inner width=&#8221;1\/2&#8243;][vc_column_text el_class=&#8221;text-left&#8221;] \/\/ Impressum Angaben gem\u00e4\u00df \u00a7 5 TMG Drechsel\/Sadlik\/Tieling GbR Handelnd als Visudia GbR Gemeinschaftsweg 18 44225 Dortmund Vertreten durch: Alexander Tieling, Mike Sadlik, Patrick Drechsel Kontakt Telefon: +49 (0)15678328845 Telefax: k.A. E-Mail: info@visudia.de Steueridentifikation USt-IdNr.: DE337704718[\/vc_column_text][\/vc_column_inner][vc_column_inner width=&#8221;1\/2&#8243;][vc_single_image image=&#8221;928&#8243; img_size=&#8221;full&#8221; css_animation=&#8221;fadeIn&#8221; el_class=&#8221;img_effect img_effect-1&#8243;][\/vc_column_inner][\/vc_row_inner][\/vc_column][\/vc_row][vc_row full_width=&#8221;stretch_row&#8221; css=&#8221;.vc_custom_1652127549013{background-position: center !important;background-repeat: no-repeat !important;background-size: [&hellip;]<\/p>\n","protected":false},"author":2,"featured_media":931,"parent":0,"menu_order":0,"comment_status":"closed","ping_status":"closed","template":"","meta":{"_acf_changed":false,"inline_featured_image":false,"footnotes":""},"class_list":["post-1247","page","type-page","status-publish","has-post-thumbnail","hentry"],"acf":[],"yoast_head":"<!-- This site is optimized with the Yoast SEO plugin v26.9 - https:\/\/yoast.com\/product\/yoast-seo-wordpress\/ -->\n<title>Impressum &#187; Visudia<\/title>\n<meta name=\"robots\" content=\"index, follow, max-snippet:-1, max-image-preview:large, max-video-preview:-1\" \/>\n<link rel=\"canonical\" href=\"https:\/\/www.visudia.com\/en\/impressum\/\" \/>\n<meta property=\"og:locale\" content=\"en_US\" \/>\n<meta property=\"og:type\" content=\"article\" \/>\n<meta property=\"og:title\" content=\"Impressum &#187; Visudia\" \/>\n<meta property=\"og:description\" content=\"[vc_row full_width=&#8221;stretch_row&#8221;][vc_column][vc_empty_space height=&#8221;120px&#8221; el_class=&#8221;first&#8221;][vc_row_inner el_class=&#8221;swap-on-mobile&#8221;][vc_column_inner width=&#8221;1\/2&#8243;][vc_column_text el_class=&#8221;text-left&#8221;] \/\/ Impressum Angaben gem\u00e4\u00df \u00a7 5 TMG Drechsel\/Sadlik\/Tieling GbR Handelnd als Visudia GbR Gemeinschaftsweg 18 44225 Dortmund Vertreten durch: Alexander Tieling, Mike Sadlik, Patrick Drechsel Kontakt Telefon: +49 (0)15678328845 Telefax: k.A. E-Mail: info@visudia.de Steueridentifikation USt-IdNr.: DE337704718[\/vc_column_text][\/vc_column_inner][vc_column_inner width=&#8221;1\/2&#8243;][vc_single_image image=&#8221;928&#8243; img_size=&#8221;full&#8221; css_animation=&#8221;fadeIn&#8221; el_class=&#8221;img_effect img_effect-1&#8243;][\/vc_column_inner][\/vc_row_inner][\/vc_column][\/vc_row][vc_row full_width=&#8221;stretch_row&#8221; css=&#8221;.vc_custom_1652127549013{background-position: center !important;background-repeat: no-repeat !important;background-size: [&hellip;]\" \/>\n<meta property=\"og:url\" content=\"https:\/\/www.visudia.com\/en\/impressum\/\" \/>\n<meta property=\"og:site_name\" content=\"Visudia\" \/>\n<meta property=\"article:publisher\" content=\"https:\/\/de-de.facebook.com\/people\/Visudia\/100064194307368\/\" \/>\n<meta property=\"article:modified_time\" content=\"2022-09-24T12:01:42+00:00\" \/>\n<meta property=\"og:image\" content=\"https:\/\/www.visudia.com\/wp-content\/uploads\/2022\/08\/visudia-softwareentwicklung.jpg\" \/>\n\t<meta property=\"og:image:width\" content=\"1000\" \/>\n\t<meta property=\"og:image:height\" content=\"667\" \/>\n\t<meta property=\"og:image:type\" content=\"image\/jpeg\" \/>\n<meta name=\"twitter:card\" content=\"summary_large_image\" \/>\n<meta name=\"twitter:label1\" content=\"Est. reading time\" \/>\n\t<meta name=\"twitter:data1\" content=\"3 minutes\" \/>\n<script type=\"application\/ld+json\" class=\"yoast-schema-graph\">{\"@context\":\"https:\/\/schema.org\",\"@graph\":[{\"@type\":\"WebPage\",\"@id\":\"https:\/\/www.visudia.com\/en\/impressum\/\",\"url\":\"https:\/\/www.visudia.com\/en\/impressum\/\",\"name\":\"Impressum &#187; Visudia\",\"isPartOf\":{\"@id\":\"https:\/\/www.visudia.com\/en\/#website\"},\"primaryImageOfPage\":{\"@id\":\"https:\/\/www.visudia.com\/en\/impressum\/#primaryimage\"},\"image\":{\"@id\":\"https:\/\/www.visudia.com\/en\/impressum\/#primaryimage\"},\"thumbnailUrl\":\"https:\/\/www.visudia.com\/wp-content\/uploads\/2022\/08\/visudia-softwareentwicklung.jpg\",\"datePublished\":\"2022-09-24T11:05:54+00:00\",\"dateModified\":\"2022-09-24T12:01:42+00:00\",\"breadcrumb\":{\"@id\":\"https:\/\/www.visudia.com\/en\/impressum\/#breadcrumb\"},\"inLanguage\":\"en-US\",\"potentialAction\":[{\"@type\":\"ReadAction\",\"target\":[\"https:\/\/www.visudia.com\/en\/impressum\/\"]}]},{\"@type\":\"ImageObject\",\"inLanguage\":\"en-US\",\"@id\":\"https:\/\/www.visudia.com\/en\/impressum\/#primaryimage\",\"url\":\"https:\/\/www.visudia.com\/wp-content\/uploads\/2022\/08\/visudia-softwareentwicklung.jpg\",\"contentUrl\":\"https:\/\/www.visudia.com\/wp-content\/uploads\/2022\/08\/visudia-softwareentwicklung.jpg\",\"width\":1000,\"height\":667,\"caption\":\"Visudia Software\"},{\"@type\":\"BreadcrumbList\",\"@id\":\"https:\/\/www.visudia.com\/en\/impressum\/#breadcrumb\",\"itemListElement\":[{\"@type\":\"ListItem\",\"position\":1,\"name\":\"Startseite\",\"item\":\"https:\/\/www.visudia.com\/en\/\"},{\"@type\":\"ListItem\",\"position\":2,\"name\":\"Impressum\"}]},{\"@type\":\"WebSite\",\"@id\":\"https:\/\/www.visudia.com\/en\/#website\",\"url\":\"https:\/\/www.visudia.com\/en\/\",\"name\":\"Visudia.com\",\"description\":\"Ihre Visionen programmiert!\",\"publisher\":{\"@id\":\"https:\/\/www.visudia.com\/en\/#organization\"},\"potentialAction\":[{\"@type\":\"SearchAction\",\"target\":{\"@type\":\"EntryPoint\",\"urlTemplate\":\"https:\/\/www.visudia.com\/en\/?s={search_term_string}\"},\"query-input\":{\"@type\":\"PropertyValueSpecification\",\"valueRequired\":true,\"valueName\":\"search_term_string\"}}],\"inLanguage\":\"en-US\"},{\"@type\":\"Organization\",\"@id\":\"https:\/\/www.visudia.com\/en\/#organization\",\"name\":\"Visudia\",\"url\":\"https:\/\/www.visudia.com\/en\/\",\"logo\":{\"@type\":\"ImageObject\",\"inLanguage\":\"en-US\",\"@id\":\"https:\/\/www.visudia.com\/en\/#\/schema\/logo\/image\/\",\"url\":\"https:\/\/www.visudia.com\/wp-content\/uploads\/2022\/09\/visudia-20-logo_single.jpg\",\"contentUrl\":\"https:\/\/www.visudia.com\/wp-content\/uploads\/2022\/09\/visudia-20-logo_single.jpg\",\"width\":800,\"height\":800,\"caption\":\"Visudia\"},\"image\":{\"@id\":\"https:\/\/www.visudia.com\/en\/#\/schema\/logo\/image\/\"},\"sameAs\":[\"https:\/\/de-de.facebook.com\/people\/Visudia\/100064194307368\/\",\"https:\/\/de.linkedin.com\/company\/visudia-gbr\",\"https:\/\/www.instagram.com\/visudia\/\",\"https:\/\/www.xing.com\/pages\/visudia-gbr\"]}]}<\/script>\n<!-- \/ Yoast SEO plugin. -->","yoast_head_json":{"title":"Impressum &#187; Visudia","robots":{"index":"index","follow":"follow","max-snippet":"max-snippet:-1","max-image-preview":"max-image-preview:large","max-video-preview":"max-video-preview:-1"},"canonical":"https:\/\/www.visudia.com\/en\/impressum\/","og_locale":"en_US","og_type":"article","og_title":"Impressum &#187; Visudia","og_description":"[vc_row full_width=&#8221;stretch_row&#8221;][vc_column][vc_empty_space height=&#8221;120px&#8221; el_class=&#8221;first&#8221;][vc_row_inner el_class=&#8221;swap-on-mobile&#8221;][vc_column_inner width=&#8221;1\/2&#8243;][vc_column_text el_class=&#8221;text-left&#8221;] \/\/ Impressum Angaben gem\u00e4\u00df \u00a7 5 TMG Drechsel\/Sadlik\/Tieling GbR Handelnd als Visudia GbR Gemeinschaftsweg 18 44225 Dortmund Vertreten durch: Alexander Tieling, Mike Sadlik, Patrick Drechsel Kontakt Telefon: +49 (0)15678328845 Telefax: k.A. E-Mail: info@visudia.de Steueridentifikation USt-IdNr.: DE337704718[\/vc_column_text][\/vc_column_inner][vc_column_inner width=&#8221;1\/2&#8243;][vc_single_image image=&#8221;928&#8243; img_size=&#8221;full&#8221; css_animation=&#8221;fadeIn&#8221; el_class=&#8221;img_effect img_effect-1&#8243;][\/vc_column_inner][\/vc_row_inner][\/vc_column][\/vc_row][vc_row full_width=&#8221;stretch_row&#8221; css=&#8221;.vc_custom_1652127549013{background-position: center !important;background-repeat: no-repeat !important;background-size: [&hellip;]","og_url":"https:\/\/www.visudia.com\/en\/impressum\/","og_site_name":"Visudia","article_publisher":"https:\/\/de-de.facebook.com\/people\/Visudia\/100064194307368\/","article_modified_time":"2022-09-24T12:01:42+00:00","og_image":[{"width":1000,"height":667,"url":"https:\/\/www.visudia.com\/wp-content\/uploads\/2022\/08\/visudia-softwareentwicklung.jpg","type":"image\/jpeg"}],"twitter_card":"summary_large_image","twitter_misc":{"Est. reading time":"3 minutes"},"schema":{"@context":"https:\/\/schema.org","@graph":[{"@type":"WebPage","@id":"https:\/\/www.visudia.com\/en\/impressum\/","url":"https:\/\/www.visudia.com\/en\/impressum\/","name":"Impressum &#187; Visudia","isPartOf":{"@id":"https:\/\/www.visudia.com\/en\/#website"},"primaryImageOfPage":{"@id":"https:\/\/www.visudia.com\/en\/impressum\/#primaryimage"},"image":{"@id":"https:\/\/www.visudia.com\/en\/impressum\/#primaryimage"},"thumbnailUrl":"https:\/\/www.visudia.com\/wp-content\/uploads\/2022\/08\/visudia-softwareentwicklung.jpg","datePublished":"2022-09-24T11:05:54+00:00","dateModified":"2022-09-24T12:01:42+00:00","breadcrumb":{"@id":"https:\/\/www.visudia.com\/en\/impressum\/#breadcrumb"},"inLanguage":"en-US","potentialAction":[{"@type":"ReadAction","target":["https:\/\/www.visudia.com\/en\/impressum\/"]}]},{"@type":"ImageObject","inLanguage":"en-US","@id":"https:\/\/www.visudia.com\/en\/impressum\/#primaryimage","url":"https:\/\/www.visudia.com\/wp-content\/uploads\/2022\/08\/visudia-softwareentwicklung.jpg","contentUrl":"https:\/\/www.visudia.com\/wp-content\/uploads\/2022\/08\/visudia-softwareentwicklung.jpg","width":1000,"height":667,"caption":"Visudia Software"},{"@type":"BreadcrumbList","@id":"https:\/\/www.visudia.com\/en\/impressum\/#breadcrumb","itemListElement":[{"@type":"ListItem","position":1,"name":"Startseite","item":"https:\/\/www.visudia.com\/en\/"},{"@type":"ListItem","position":2,"name":"Impressum"}]},{"@type":"WebSite","@id":"https:\/\/www.visudia.com\/en\/#website","url":"https:\/\/www.visudia.com\/en\/","name":"Visudia.com","description":"Ihre Visionen programmiert!","publisher":{"@id":"https:\/\/www.visudia.com\/en\/#organization"},"potentialAction":[{"@type":"SearchAction","target":{"@type":"EntryPoint","urlTemplate":"https:\/\/www.visudia.com\/en\/?s={search_term_string}"},"query-input":{"@type":"PropertyValueSpecification","valueRequired":true,"valueName":"search_term_string"}}],"inLanguage":"en-US"},{"@type":"Organization","@id":"https:\/\/www.visudia.com\/en\/#organization","name":"Visudia","url":"https:\/\/www.visudia.com\/en\/","logo":{"@type":"ImageObject","inLanguage":"en-US","@id":"https:\/\/www.visudia.com\/en\/#\/schema\/logo\/image\/","url":"https:\/\/www.visudia.com\/wp-content\/uploads\/2022\/09\/visudia-20-logo_single.jpg","contentUrl":"https:\/\/www.visudia.com\/wp-content\/uploads\/2022\/09\/visudia-20-logo_single.jpg","width":800,"height":800,"caption":"Visudia"},"image":{"@id":"https:\/\/www.visudia.com\/en\/#\/schema\/logo\/image\/"},"sameAs":["https:\/\/de-de.facebook.com\/people\/Visudia\/100064194307368\/","https:\/\/de.linkedin.com\/company\/visudia-gbr","https:\/\/www.instagram.com\/visudia\/","https:\/\/www.xing.com\/pages\/visudia-gbr"]}]}},"_links":{"self":[{"href":"https:\/\/www.visudia.com\/en\/wp-json\/wp\/v2\/pages\/1247","targetHints":{"allow":["GET"]}}],"collection":[{"href":"https:\/\/www.visudia.com\/en\/wp-json\/wp\/v2\/pages"}],"about":[{"href":"https:\/\/www.visudia.com\/en\/wp-json\/wp\/v2\/types\/page"}],"author":[{"embeddable":true,"href":"https:\/\/www.visudia.com\/en\/wp-json\/wp\/v2\/users\/2"}],"replies":[{"embeddable":true,"href":"https:\/\/www.visudia.com\/en\/wp-json\/wp\/v2\/comments?post=1247"}],"version-history":[{"count":3,"href":"https:\/\/www.visudia.com\/en\/wp-json\/wp\/v2\/pages\/1247\/revisions"}],"predecessor-version":[{"id":1352,"href":"https:\/\/www.visudia.com\/en\/wp-json\/wp\/v2\/pages\/1247\/revisions\/1352"}],"wp:featuredmedia":[{"embeddable":true,"href":"https:\/\/www.visudia.com\/en\/wp-json\/wp\/v2\/media\/931"}],"wp:attachment":[{"href":"https:\/\/www.visudia.com\/en\/wp-json\/wp\/v2\/media?parent=1247"}],"curies":[{"name":"wp","href":"https:\/\/api.w.org\/{rel}","templated":true}]}}